{"id":2947,"date":"2022-08-15T14:29:21","date_gmt":"2022-08-15T19:29:21","guid":{"rendered":"https:\/\/fumigadores.dreamhosters.com\/?post_type=product&#038;p=2947"},"modified":"2025-04-12T10:47:36","modified_gmt":"2025-04-12T15:47:36","slug":"kit-de-trampas-efectivas-para-ratas-ratones-y-roedores","status":"publish","type":"product","link":"https:\/\/www.losfumigadores.com\/en\/venta-de-productos\/productos-para-control-de-ratas\/kit-de-trampas-efectivas-para-ratas-ratones-y-roedores\/","title":{"rendered":"Kit de Trampas Efectivas para Ratas, Ratones y Roedores"},"content":{"rendered":"","protected":false},"excerpt":{"rendered":"<p>Kit de Trampas Efectivas para Ratas, Ratones y Roedores, usando estas trampas especiales de madera para roedores, los pegantes y qu\u00edmicos con los que viene el Kit, usted tendr\u00e1 una mayor efectividad en la erradicaci\u00f3n y eliminaci\u00f3n de roedores. Por nuestra experiencia profesional en fumigaci\u00f3n por mas de 20 a\u00f1os recomendamos comprar este kit para que pueda estar seguro de acabar con el problema.<\/p>","protected":false},"featured_media":2967,"comment_status":"open","ping_status":"closed","template":"","meta":{"_acf_changed":false},"product_brand":[],"product_cat":[55],"product_tag":[],"class_list":{"0":"post-2947","1":"product","2":"type-product","3":"status-publish","4":"has-post-thumbnail","6":"product_cat-productos-para-control-de-ratas","8":"first","9":"instock","10":"shipping-taxable","11":"product-type-simple"},"acf":[],"yoast_head":"<!-- This site is optimized with the Yoast SEO plugin v25.9 - https:\/\/yoast.com\/wordpress\/plugins\/seo\/ -->\n<title>Kit de Trampas Efectivas para Ratas, Ratones y Roedores - Los Fumigadores Pest Control<\/title>\n<meta name=\"robots\" content=\"index, follow, max-snippet:-1, max-image-preview:large, max-video-preview:-1\" \/>\n<link rel=\"canonical\" href=\"https:\/\/www.losfumigadores.com\/en\/venta-de-productos\/productos-para-control-de-ratas\/kit-de-trampas-efectivas-para-ratas-ratones-y-roedores\/\" \/>\n<meta property=\"og:locale\" content=\"en_US\" \/>\n<meta property=\"og:type\" content=\"article\" \/>\n<meta property=\"og:title\" content=\"Kit de Trampas Efectivas para Ratas, Ratones y Roedores - Los Fumigadores Pest Control\" \/>\n<meta property=\"og:description\" content=\"Kit de Trampas Efectivas para Ratas, Ratones y Roedores, usando estas trampas especiales de madera para roedores, los pegantes y qu\u00edmicos con los que viene el Kit, usted tendr\u00e1 una mayor efectividad en la erradicaci\u00f3n y eliminaci\u00f3n de roedores. Por nuestra experiencia profesional en fumigaci\u00f3n por mas de 20 a\u00f1os recomendamos comprar este kit para que pueda estar seguro de acabar con el problema.\" \/>\n<meta property=\"og:url\" content=\"https:\/\/www.losfumigadores.com\/en\/venta-de-productos\/productos-para-control-de-ratas\/kit-de-trampas-efectivas-para-ratas-ratones-y-roedores\/\" \/>\n<meta property=\"og:site_name\" content=\"Los Fumigadores Pest Control\" \/>\n<meta property=\"article:modified_time\" content=\"2025-04-12T15:47:36+00:00\" \/>\n<meta property=\"og:image\" content=\"https:\/\/www.losfumigadores.com\/wp-content\/uploads\/2022\/08\/kit-para-ratas.jpg\" \/>\n\t<meta property=\"og:image:width\" content=\"500\" \/>\n\t<meta property=\"og:image:height\" content=\"500\" \/>\n\t<meta property=\"og:image:type\" content=\"image\/jpeg\" \/>\n<meta name=\"twitter:card\" content=\"summary_large_image\" \/>\n<script type=\"application\/ld+json\" class=\"yoast-schema-graph\">{\"@context\":\"https:\/\/schema.org\",\"@graph\":[{\"@type\":\"WebPage\",\"@id\":\"https:\/\/www.losfumigadores.com\/venta-de-productos\/productos-para-control-de-ratas\/kit-de-trampas-efectivas-para-ratas-ratones-y-roedores\/\",\"url\":\"https:\/\/www.losfumigadores.com\/venta-de-productos\/productos-para-control-de-ratas\/kit-de-trampas-efectivas-para-ratas-ratones-y-roedores\/\",\"name\":\"Kit de Trampas Efectivas para Ratas, Ratones y Roedores - Los Fumigadores Pest Control\",\"isPartOf\":{\"@id\":\"https:\/\/www.losfumigadores.com\/#website\"},\"primaryImageOfPage\":{\"@id\":\"https:\/\/www.losfumigadores.com\/venta-de-productos\/productos-para-control-de-ratas\/kit-de-trampas-efectivas-para-ratas-ratones-y-roedores\/#primaryimage\"},\"image\":{\"@id\":\"https:\/\/www.losfumigadores.com\/venta-de-productos\/productos-para-control-de-ratas\/kit-de-trampas-efectivas-para-ratas-ratones-y-roedores\/#primaryimage\"},\"thumbnailUrl\":\"https:\/\/www.losfumigadores.com\/wp-content\/uploads\/2022\/08\/kit-para-ratas.jpg\",\"datePublished\":\"2022-08-15T19:29:21+00:00\",\"dateModified\":\"2025-04-12T15:47:36+00:00\",\"breadcrumb\":{\"@id\":\"https:\/\/www.losfumigadores.com\/venta-de-productos\/productos-para-control-de-ratas\/kit-de-trampas-efectivas-para-ratas-ratones-y-roedores\/#breadcrumb\"},\"inLanguage\":\"en-US\",\"potentialAction\":[{\"@type\":\"ReadAction\",\"target\":[\"https:\/\/www.losfumigadores.com\/venta-de-productos\/productos-para-control-de-ratas\/kit-de-trampas-efectivas-para-ratas-ratones-y-roedores\/\"]}]},{\"@type\":\"ImageObject\",\"inLanguage\":\"en-US\",\"@id\":\"https:\/\/www.losfumigadores.com\/venta-de-productos\/productos-para-control-de-ratas\/kit-de-trampas-efectivas-para-ratas-ratones-y-roedores\/#primaryimage\",\"url\":\"https:\/\/www.losfumigadores.com\/wp-content\/uploads\/2022\/08\/kit-para-ratas.jpg\",\"contentUrl\":\"https:\/\/www.losfumigadores.com\/wp-content\/uploads\/2022\/08\/kit-para-ratas.jpg\",\"width\":500,\"height\":500},{\"@type\":\"BreadcrumbList\",\"@id\":\"https:\/\/www.losfumigadores.com\/venta-de-productos\/productos-para-control-de-ratas\/kit-de-trampas-efectivas-para-ratas-ratones-y-roedores\/#breadcrumb\",\"itemListElement\":[{\"@type\":\"ListItem\",\"position\":1,\"name\":\"Portada\",\"item\":\"https:\/\/www.losfumigadores.com\/\"},{\"@type\":\"ListItem\",\"position\":2,\"name\":\"Tienda\",\"item\":\"https:\/\/www.losfumigadores.com\/tienda\/\"},{\"@type\":\"ListItem\",\"position\":3,\"name\":\"Kit de Trampas Efectivas para Ratas, Ratones y Roedores\"}]},{\"@type\":\"WebSite\",\"@id\":\"https:\/\/www.losfumigadores.com\/#website\",\"url\":\"https:\/\/www.losfumigadores.com\/\",\"name\":\"Los Fumigadores Pest Control\",\"description\":\"\",\"potentialAction\":[{\"@type\":\"SearchAction\",\"target\":{\"@type\":\"EntryPoint\",\"urlTemplate\":\"https:\/\/www.losfumigadores.com\/?s={search_term_string}\"},\"query-input\":{\"@type\":\"PropertyValueSpecification\",\"valueRequired\":true,\"valueName\":\"search_term_string\"}}],\"inLanguage\":\"en-US\"}]}<\/script>\n<!-- \/ Yoast SEO plugin. -->","yoast_head_json":{"title":"Kit de Trampas Efectivas para Ratas, Ratones y Roedores - Los Fumigadores Pest Control","robots":{"index":"index","follow":"follow","max-snippet":"max-snippet:-1","max-image-preview":"max-image-preview:large","max-video-preview":"max-video-preview:-1"},"canonical":"https:\/\/www.losfumigadores.com\/en\/venta-de-productos\/productos-para-control-de-ratas\/kit-de-trampas-efectivas-para-ratas-ratones-y-roedores\/","og_locale":"en_US","og_type":"article","og_title":"Kit de Trampas Efectivas para Ratas, Ratones y Roedores - Los Fumigadores Pest Control","og_description":"Kit de Trampas Efectivas para Ratas, Ratones y Roedores, usando estas trampas especiales de madera para roedores, los pegantes y qu\u00edmicos con los que viene el Kit, usted tendr\u00e1 una mayor efectividad en la erradicaci\u00f3n y eliminaci\u00f3n de roedores. Por nuestra experiencia profesional en fumigaci\u00f3n por mas de 20 a\u00f1os recomendamos comprar este kit para que pueda estar seguro de acabar con el problema.","og_url":"https:\/\/www.losfumigadores.com\/en\/venta-de-productos\/productos-para-control-de-ratas\/kit-de-trampas-efectivas-para-ratas-ratones-y-roedores\/","og_site_name":"Los Fumigadores Pest Control","article_modified_time":"2025-04-12T15:47:36+00:00","og_image":[{"width":500,"height":500,"url":"https:\/\/www.losfumigadores.com\/wp-content\/uploads\/2022\/08\/kit-para-ratas.jpg","type":"image\/jpeg"}],"twitter_card":"summary_large_image","schema":{"@context":"https:\/\/schema.org","@graph":[{"@type":"WebPage","@id":"https:\/\/www.losfumigadores.com\/venta-de-productos\/productos-para-control-de-ratas\/kit-de-trampas-efectivas-para-ratas-ratones-y-roedores\/","url":"https:\/\/www.losfumigadores.com\/venta-de-productos\/productos-para-control-de-ratas\/kit-de-trampas-efectivas-para-ratas-ratones-y-roedores\/","name":"Kit de Trampas Efectivas para Ratas, Ratones y Roedores - Los Fumigadores Pest Control","isPartOf":{"@id":"https:\/\/www.losfumigadores.com\/#website"},"primaryImageOfPage":{"@id":"https:\/\/www.losfumigadores.com\/venta-de-productos\/productos-para-control-de-ratas\/kit-de-trampas-efectivas-para-ratas-ratones-y-roedores\/#primaryimage"},"image":{"@id":"https:\/\/www.losfumigadores.com\/venta-de-productos\/productos-para-control-de-ratas\/kit-de-trampas-efectivas-para-ratas-ratones-y-roedores\/#primaryimage"},"thumbnailUrl":"https:\/\/www.losfumigadores.com\/wp-content\/uploads\/2022\/08\/kit-para-ratas.jpg","datePublished":"2022-08-15T19:29:21+00:00","dateModified":"2025-04-12T15:47:36+00:00","breadcrumb":{"@id":"https:\/\/www.losfumigadores.com\/venta-de-productos\/productos-para-control-de-ratas\/kit-de-trampas-efectivas-para-ratas-ratones-y-roedores\/#breadcrumb"},"inLanguage":"en-US","potentialAction":[{"@type":"ReadAction","target":["https:\/\/www.losfumigadores.com\/venta-de-productos\/productos-para-control-de-ratas\/kit-de-trampas-efectivas-para-ratas-ratones-y-roedores\/"]}]},{"@type":"ImageObject","inLanguage":"en-US","@id":"https:\/\/www.losfumigadores.com\/venta-de-productos\/productos-para-control-de-ratas\/kit-de-trampas-efectivas-para-ratas-ratones-y-roedores\/#primaryimage","url":"https:\/\/www.losfumigadores.com\/wp-content\/uploads\/2022\/08\/kit-para-ratas.jpg","contentUrl":"https:\/\/www.losfumigadores.com\/wp-content\/uploads\/2022\/08\/kit-para-ratas.jpg","width":500,"height":500},{"@type":"BreadcrumbList","@id":"https:\/\/www.losfumigadores.com\/venta-de-productos\/productos-para-control-de-ratas\/kit-de-trampas-efectivas-para-ratas-ratones-y-roedores\/#breadcrumb","itemListElement":[{"@type":"ListItem","position":1,"name":"Portada","item":"https:\/\/www.losfumigadores.com\/"},{"@type":"ListItem","position":2,"name":"Tienda","item":"https:\/\/www.losfumigadores.com\/tienda\/"},{"@type":"ListItem","position":3,"name":"Kit de Trampas Efectivas para Ratas, Ratones y Roedores"}]},{"@type":"WebSite","@id":"https:\/\/www.losfumigadores.com\/#website","url":"https:\/\/www.losfumigadores.com\/","name":"Los Fumigadores Pest Control","description":"","potentialAction":[{"@type":"SearchAction","target":{"@type":"EntryPoint","urlTemplate":"https:\/\/www.losfumigadores.com\/?s={search_term_string}"},"query-input":{"@type":"PropertyValueSpecification","valueRequired":true,"valueName":"search_term_string"}}],"inLanguage":"en-US"}]}},"_links":{"self":[{"href":"https:\/\/www.losfumigadores.com\/en\/wp-json\/wp\/v2\/product\/2947","targetHints":{"allow":["GET"]}}],"collection":[{"href":"https:\/\/www.losfumigadores.com\/en\/wp-json\/wp\/v2\/product"}],"about":[{"href":"https:\/\/www.losfumigadores.com\/en\/wp-json\/wp\/v2\/types\/product"}],"replies":[{"embeddable":true,"href":"https:\/\/www.losfumigadores.com\/en\/wp-json\/wp\/v2\/comments?post=2947"}],"wp:featuredmedia":[{"embeddable":true,"href":"https:\/\/www.losfumigadores.com\/en\/wp-json\/wp\/v2\/media\/2967"}],"wp:attachment":[{"href":"https:\/\/www.losfumigadores.com\/en\/wp-json\/wp\/v2\/media?parent=2947"}],"wp:term":[{"taxonomy":"product_brand","embeddable":true,"href":"https:\/\/www.losfumigadores.com\/en\/wp-json\/wp\/v2\/product_brand?post=2947"},{"taxonomy":"product_cat","embeddable":true,"href":"https:\/\/www.losfumigadores.com\/en\/wp-json\/wp\/v2\/product_cat?post=2947"},{"taxonomy":"product_tag","embeddable":true,"href":"https:\/\/www.losfumigadores.com\/en\/wp-json\/wp\/v2\/product_tag?post=2947"}],"curies":[{"name":"wp","href":"https:\/\/api.w.org\/{rel}","templated":true}]}}