{"id":2944,"date":"2022-08-15T14:29:20","date_gmt":"2022-08-15T19:29:20","guid":{"rendered":"https:\/\/fumigadores.dreamhosters.com\/?post_type=product&#038;p=2944"},"modified":"2025-04-17T06:36:19","modified_gmt":"2025-04-17T11:36:19","slug":"trampas-de-pegamento-adhesivo-para-ratas-y-ratones","status":"publish","type":"product","link":"https:\/\/www.losfumigadores.com\/en\/venta-de-productos\/productos-para-control-de-ratas\/trampas-de-pegamento-adhesivo-para-ratas-y-ratones\/","title":{"rendered":"Trampas de Pegamento Adhesivo Para Ratas y Ratones"},"content":{"rendered":"","protected":false},"excerpt":{"rendered":"<p>Trampa de pegamento adhesivo para atrapar roedores, ratas y ratones, esta trampa es ideal ya que atrae las taras y las deja pegadas y mata r\u00e1pidamente.<\/p>\n<p>Estas trampas son una forma f\u00e1cil, econ\u00f3mica y segura de atrapar y eliminar roedores. Este tipo de adhesivos son utilizados por fumigadores profesionales como nosotros y  son los que m\u00e1s recomendamos debido a su precio y efectividad <\/p>","protected":false},"featured_media":2963,"comment_status":"open","ping_status":"closed","template":"","meta":{"_acf_changed":false},"product_brand":[],"product_cat":[55],"product_tag":[],"class_list":{"0":"post-2944","1":"product","2":"type-product","3":"status-publish","4":"has-post-thumbnail","6":"product_cat-productos-para-control-de-ratas","8":"first","9":"instock","10":"shipping-taxable","11":"product-type-simple"},"acf":[],"yoast_head":"<!-- This site is optimized with the Yoast SEO plugin v25.9 - https:\/\/yoast.com\/wordpress\/plugins\/seo\/ -->\n<title>Trampas de Pegamento Adhesivo Para Ratas y Ratones - Los Fumigadores Pest Control<\/title>\n<meta name=\"robots\" content=\"index, follow, max-snippet:-1, max-image-preview:large, max-video-preview:-1\" \/>\n<link rel=\"canonical\" href=\"https:\/\/www.losfumigadores.com\/en\/venta-de-productos\/productos-para-control-de-ratas\/trampas-de-pegamento-adhesivo-para-ratas-y-ratones\/\" \/>\n<meta property=\"og:locale\" content=\"en_US\" \/>\n<meta property=\"og:type\" content=\"article\" \/>\n<meta property=\"og:title\" content=\"Trampas de Pegamento Adhesivo Para Ratas y Ratones - Los Fumigadores Pest Control\" \/>\n<meta property=\"og:description\" content=\"Trampa de pegamento adhesivo para atrapar roedores, ratas y ratones, esta trampa es ideal ya que atrae las taras y las deja pegadas y mata r\u00e1pidamente.  Estas trampas son una forma f\u00e1cil, econ\u00f3mica y segura de atrapar y eliminar roedores. Este tipo de adhesivos son utilizados por fumigadores profesionales como nosotros y son los que m\u00e1s recomendamos debido a su precio y efectividad\" \/>\n<meta property=\"og:url\" content=\"https:\/\/www.losfumigadores.com\/en\/venta-de-productos\/productos-para-control-de-ratas\/trampas-de-pegamento-adhesivo-para-ratas-y-ratones\/\" \/>\n<meta property=\"og:site_name\" content=\"Los Fumigadores Pest Control\" \/>\n<meta property=\"article:modified_time\" content=\"2025-04-17T11:36:19+00:00\" \/>\n<meta property=\"og:image\" content=\"https:\/\/www.losfumigadores.com\/wp-content\/uploads\/2022\/08\/5-1024x1024-1.jpg\" \/>\n\t<meta property=\"og:image:width\" content=\"1024\" \/>\n\t<meta property=\"og:image:height\" content=\"1024\" \/>\n\t<meta property=\"og:image:type\" content=\"image\/jpeg\" \/>\n<meta name=\"twitter:card\" content=\"summary_large_image\" \/>\n<script type=\"application\/ld+json\" class=\"yoast-schema-graph\">{\"@context\":\"https:\/\/schema.org\",\"@graph\":[{\"@type\":\"WebPage\",\"@id\":\"https:\/\/www.losfumigadores.com\/venta-de-productos\/productos-para-control-de-ratas\/trampas-de-pegamento-adhesivo-para-ratas-y-ratones\/\",\"url\":\"https:\/\/www.losfumigadores.com\/venta-de-productos\/productos-para-control-de-ratas\/trampas-de-pegamento-adhesivo-para-ratas-y-ratones\/\",\"name\":\"Trampas de Pegamento Adhesivo Para Ratas y Ratones - Los Fumigadores Pest Control\",\"isPartOf\":{\"@id\":\"https:\/\/www.losfumigadores.com\/#website\"},\"primaryImageOfPage\":{\"@id\":\"https:\/\/www.losfumigadores.com\/venta-de-productos\/productos-para-control-de-ratas\/trampas-de-pegamento-adhesivo-para-ratas-y-ratones\/#primaryimage\"},\"image\":{\"@id\":\"https:\/\/www.losfumigadores.com\/venta-de-productos\/productos-para-control-de-ratas\/trampas-de-pegamento-adhesivo-para-ratas-y-ratones\/#primaryimage\"},\"thumbnailUrl\":\"https:\/\/www.losfumigadores.com\/wp-content\/uploads\/2022\/08\/5-1024x1024-1.jpg\",\"datePublished\":\"2022-08-15T19:29:20+00:00\",\"dateModified\":\"2025-04-17T11:36:19+00:00\",\"breadcrumb\":{\"@id\":\"https:\/\/www.losfumigadores.com\/venta-de-productos\/productos-para-control-de-ratas\/trampas-de-pegamento-adhesivo-para-ratas-y-ratones\/#breadcrumb\"},\"inLanguage\":\"en-US\",\"potentialAction\":[{\"@type\":\"ReadAction\",\"target\":[\"https:\/\/www.losfumigadores.com\/venta-de-productos\/productos-para-control-de-ratas\/trampas-de-pegamento-adhesivo-para-ratas-y-ratones\/\"]}]},{\"@type\":\"ImageObject\",\"inLanguage\":\"en-US\",\"@id\":\"https:\/\/www.losfumigadores.com\/venta-de-productos\/productos-para-control-de-ratas\/trampas-de-pegamento-adhesivo-para-ratas-y-ratones\/#primaryimage\",\"url\":\"https:\/\/www.losfumigadores.com\/wp-content\/uploads\/2022\/08\/5-1024x1024-1.jpg\",\"contentUrl\":\"https:\/\/www.losfumigadores.com\/wp-content\/uploads\/2022\/08\/5-1024x1024-1.jpg\",\"width\":1024,\"height\":1024},{\"@type\":\"BreadcrumbList\",\"@id\":\"https:\/\/www.losfumigadores.com\/venta-de-productos\/productos-para-control-de-ratas\/trampas-de-pegamento-adhesivo-para-ratas-y-ratones\/#breadcrumb\",\"itemListElement\":[{\"@type\":\"ListItem\",\"position\":1,\"name\":\"Portada\",\"item\":\"https:\/\/www.losfumigadores.com\/\"},{\"@type\":\"ListItem\",\"position\":2,\"name\":\"Tienda\",\"item\":\"https:\/\/www.losfumigadores.com\/tienda\/\"},{\"@type\":\"ListItem\",\"position\":3,\"name\":\"Trampas de Pegamento Adhesivo Para Ratas y Ratones\"}]},{\"@type\":\"WebSite\",\"@id\":\"https:\/\/www.losfumigadores.com\/#website\",\"url\":\"https:\/\/www.losfumigadores.com\/\",\"name\":\"Los Fumigadores Pest Control\",\"description\":\"\",\"potentialAction\":[{\"@type\":\"SearchAction\",\"target\":{\"@type\":\"EntryPoint\",\"urlTemplate\":\"https:\/\/www.losfumigadores.com\/?s={search_term_string}\"},\"query-input\":{\"@type\":\"PropertyValueSpecification\",\"valueRequired\":true,\"valueName\":\"search_term_string\"}}],\"inLanguage\":\"en-US\"}]}<\/script>\n<!-- \/ Yoast SEO plugin. -->","yoast_head_json":{"title":"Trampas de Pegamento Adhesivo Para Ratas y Ratones - Los Fumigadores Pest Control","robots":{"index":"index","follow":"follow","max-snippet":"max-snippet:-1","max-image-preview":"max-image-preview:large","max-video-preview":"max-video-preview:-1"},"canonical":"https:\/\/www.losfumigadores.com\/en\/venta-de-productos\/productos-para-control-de-ratas\/trampas-de-pegamento-adhesivo-para-ratas-y-ratones\/","og_locale":"en_US","og_type":"article","og_title":"Trampas de Pegamento Adhesivo Para Ratas y Ratones - Los Fumigadores Pest Control","og_description":"Trampa de pegamento adhesivo para atrapar roedores, ratas y ratones, esta trampa es ideal ya que atrae las taras y las deja pegadas y mata r\u00e1pidamente.  Estas trampas son una forma f\u00e1cil, econ\u00f3mica y segura de atrapar y eliminar roedores. Este tipo de adhesivos son utilizados por fumigadores profesionales como nosotros y son los que m\u00e1s recomendamos debido a su precio y efectividad","og_url":"https:\/\/www.losfumigadores.com\/en\/venta-de-productos\/productos-para-control-de-ratas\/trampas-de-pegamento-adhesivo-para-ratas-y-ratones\/","og_site_name":"Los Fumigadores Pest Control","article_modified_time":"2025-04-17T11:36:19+00:00","og_image":[{"width":1024,"height":1024,"url":"https:\/\/www.losfumigadores.com\/wp-content\/uploads\/2022\/08\/5-1024x1024-1.jpg","type":"image\/jpeg"}],"twitter_card":"summary_large_image","schema":{"@context":"https:\/\/schema.org","@graph":[{"@type":"WebPage","@id":"https:\/\/www.losfumigadores.com\/venta-de-productos\/productos-para-control-de-ratas\/trampas-de-pegamento-adhesivo-para-ratas-y-ratones\/","url":"https:\/\/www.losfumigadores.com\/venta-de-productos\/productos-para-control-de-ratas\/trampas-de-pegamento-adhesivo-para-ratas-y-ratones\/","name":"Trampas de Pegamento Adhesivo Para Ratas y Ratones - Los Fumigadores Pest Control","isPartOf":{"@id":"https:\/\/www.losfumigadores.com\/#website"},"primaryImageOfPage":{"@id":"https:\/\/www.losfumigadores.com\/venta-de-productos\/productos-para-control-de-ratas\/trampas-de-pegamento-adhesivo-para-ratas-y-ratones\/#primaryimage"},"image":{"@id":"https:\/\/www.losfumigadores.com\/venta-de-productos\/productos-para-control-de-ratas\/trampas-de-pegamento-adhesivo-para-ratas-y-ratones\/#primaryimage"},"thumbnailUrl":"https:\/\/www.losfumigadores.com\/wp-content\/uploads\/2022\/08\/5-1024x1024-1.jpg","datePublished":"2022-08-15T19:29:20+00:00","dateModified":"2025-04-17T11:36:19+00:00","breadcrumb":{"@id":"https:\/\/www.losfumigadores.com\/venta-de-productos\/productos-para-control-de-ratas\/trampas-de-pegamento-adhesivo-para-ratas-y-ratones\/#breadcrumb"},"inLanguage":"en-US","potentialAction":[{"@type":"ReadAction","target":["https:\/\/www.losfumigadores.com\/venta-de-productos\/productos-para-control-de-ratas\/trampas-de-pegamento-adhesivo-para-ratas-y-ratones\/"]}]},{"@type":"ImageObject","inLanguage":"en-US","@id":"https:\/\/www.losfumigadores.com\/venta-de-productos\/productos-para-control-de-ratas\/trampas-de-pegamento-adhesivo-para-ratas-y-ratones\/#primaryimage","url":"https:\/\/www.losfumigadores.com\/wp-content\/uploads\/2022\/08\/5-1024x1024-1.jpg","contentUrl":"https:\/\/www.losfumigadores.com\/wp-content\/uploads\/2022\/08\/5-1024x1024-1.jpg","width":1024,"height":1024},{"@type":"BreadcrumbList","@id":"https:\/\/www.losfumigadores.com\/venta-de-productos\/productos-para-control-de-ratas\/trampas-de-pegamento-adhesivo-para-ratas-y-ratones\/#breadcrumb","itemListElement":[{"@type":"ListItem","position":1,"name":"Portada","item":"https:\/\/www.losfumigadores.com\/"},{"@type":"ListItem","position":2,"name":"Tienda","item":"https:\/\/www.losfumigadores.com\/tienda\/"},{"@type":"ListItem","position":3,"name":"Trampas de Pegamento Adhesivo Para Ratas y Ratones"}]},{"@type":"WebSite","@id":"https:\/\/www.losfumigadores.com\/#website","url":"https:\/\/www.losfumigadores.com\/","name":"Los Fumigadores Pest Control","description":"","potentialAction":[{"@type":"SearchAction","target":{"@type":"EntryPoint","urlTemplate":"https:\/\/www.losfumigadores.com\/?s={search_term_string}"},"query-input":{"@type":"PropertyValueSpecification","valueRequired":true,"valueName":"search_term_string"}}],"inLanguage":"en-US"}]}},"_links":{"self":[{"href":"https:\/\/www.losfumigadores.com\/en\/wp-json\/wp\/v2\/product\/2944","targetHints":{"allow":["GET"]}}],"collection":[{"href":"https:\/\/www.losfumigadores.com\/en\/wp-json\/wp\/v2\/product"}],"about":[{"href":"https:\/\/www.losfumigadores.com\/en\/wp-json\/wp\/v2\/types\/product"}],"replies":[{"embeddable":true,"href":"https:\/\/www.losfumigadores.com\/en\/wp-json\/wp\/v2\/comments?post=2944"}],"wp:featuredmedia":[{"embeddable":true,"href":"https:\/\/www.losfumigadores.com\/en\/wp-json\/wp\/v2\/media\/2963"}],"wp:attachment":[{"href":"https:\/\/www.losfumigadores.com\/en\/wp-json\/wp\/v2\/media?parent=2944"}],"wp:term":[{"taxonomy":"product_brand","embeddable":true,"href":"https:\/\/www.losfumigadores.com\/en\/wp-json\/wp\/v2\/product_brand?post=2944"},{"taxonomy":"product_cat","embeddable":true,"href":"https:\/\/www.losfumigadores.com\/en\/wp-json\/wp\/v2\/product_cat?post=2944"},{"taxonomy":"product_tag","embeddable":true,"href":"https:\/\/www.losfumigadores.com\/en\/wp-json\/wp\/v2\/product_tag?post=2944"}],"curies":[{"name":"wp","href":"https:\/\/api.w.org\/{rel}","templated":true}]}}