{"id":2942,"date":"2022-08-15T14:29:20","date_gmt":"2022-08-15T19:29:20","guid":{"rendered":"https:\/\/fumigadores.dreamhosters.com\/?post_type=product&#038;p=2942"},"modified":"2022-08-15T14:29:26","modified_gmt":"2022-08-15T19:29:26","slug":"kit-para-eliminar-y-matar-ratas-hagalo-usted-mismo","status":"publish","type":"product","link":"https:\/\/www.losfumigadores.com\/en\/venta-de-productos\/kits-de-fumigacion-diy\/kit-para-eliminar-y-matar-ratas-hagalo-usted-mismo\/","title":{"rendered":"Kit para Eliminar y Matar Ratas | Hagalo Usted Mismo"},"content":{"rendered":"","protected":false},"excerpt":{"rendered":"<p><span data-sheets-value=\"{&quot;1&quot;:2,&quot;2&quot;:&quot;En los Fumigadores Pest Control, desarrollamos un kit especial, para elimanar ratas, el cual contiene los productos y cantidades necesarias para que usted acabe y elimine las ratas de una vez por todas. \\n\\nDiseu00f1amos estos Kit para fumigacion pensando en su economia ya que le enviamos las dosis que usted en realidad necesita para la eliminacion de ratas, ya que las cantidades de quimicos y veneno que hay en el mercado son mucho mas de lo que una casa y hogar necesita. \\n\\nEste Kit incluya la combinaciu00f3n perfecta para eliminar ratas efectivamente: Trampas, adhesivos con pegamento y quimicos\\n\\nAdicionalmente vienen con instrucciones de como utilizar los productos para mayor efectividady economia. &quot;}\" data-sheets-userformat=\"{&quot;2&quot;:769,&quot;3&quot;:[null,0],&quot;11&quot;:4,&quot;12&quot;:0}\">En los Fumigadores Pest Control, desarrollamos un kit especial para matar ratas, el cual contiene los productos y cantidades necesarias para que usted acabe y elimine las ratas de una vez por todas.<\/span><\/p>\n<p>Dise\u00f1amos estos Kit para fumigaci\u00f3n pensando en su econom\u00eda ya que le enviamos las dosis que usted en realidad necesita para exterminar \u00a0las ratas por completo, ya que las cantidades de qu\u00edmicos y veneno que hay en el mercado son mayores \u00a0de lo que una casa y hogar necesita.<\/p>\n<p>Este Kit incluye la combinaci\u00f3n perfecta de productos \u00a0para eliminar ratas efectivamente: Trampas, adhesivos con pegamento y qu\u00edmicos<\/p>\n<p>Adicionalmente vienen con instrucciones de como utilizar los productos para mayor efectividady economia.<\/p>\n<p>LL\u00c1MENOS PARA UNA ASESOR\u00cdA GRATIS \u00a0CON UN FUMIGADOR PROFESIONAL \u00a0AL (786) 309-3219<\/p>\n<p>&nbsp;<\/p>","protected":false},"featured_media":2959,"comment_status":"open","ping_status":"closed","template":"","meta":{"_acf_changed":false},"product_brand":[],"product_cat":[50],"product_tag":[],"class_list":{"0":"post-2942","1":"product","2":"type-product","3":"status-publish","4":"has-post-thumbnail","6":"product_cat-kits-de-fumigacion-diy","8":"first","9":"instock","10":"shipping-taxable","11":"product-type-simple"},"acf":[],"yoast_head":"<!-- This site is optimized with the Yoast SEO plugin v25.9 - https:\/\/yoast.com\/wordpress\/plugins\/seo\/ -->\n<title>Kit para Eliminar y Matar Ratas | Hagalo Usted Mismo - Los Fumigadores Pest Control<\/title>\n<meta name=\"robots\" content=\"index, follow, max-snippet:-1, max-image-preview:large, max-video-preview:-1\" \/>\n<link rel=\"canonical\" href=\"https:\/\/www.losfumigadores.com\/en\/venta-de-productos\/kits-de-fumigacion-diy\/kit-para-eliminar-y-matar-ratas-hagalo-usted-mismo\/\" \/>\n<meta property=\"og:locale\" content=\"en_US\" \/>\n<meta property=\"og:type\" content=\"article\" \/>\n<meta property=\"og:title\" content=\"Kit para Eliminar y Matar Ratas | Hagalo Usted Mismo - Los Fumigadores Pest Control\" \/>\n<meta property=\"og:description\" content=\"En los Fumigadores Pest Control, desarrollamos un kit especial para matar ratas, el cual contiene los productos y cantidades necesarias para que usted acabe y elimine las ratas de una vez por todas.  Dise\u00f1amos estos Kit para fumigaci\u00f3n pensando en su econom\u00eda ya que le enviamos las dosis que usted en realidad necesita para exterminar \u00a0las ratas por completo, ya que las cantidades de qu\u00edmicos y veneno que hay en el mercado son mayores \u00a0de lo que una casa y hogar necesita.  Este Kit incluye la combinaci\u00f3n perfecta de productos \u00a0para eliminar ratas efectivamente: Trampas, adhesivos con pegamento y qu\u00edmicos  Adicionalmente vienen con instrucciones de como utilizar los productos para mayor efectividady economia.  LL\u00c1MENOS PARA UNA ASESOR\u00cdA GRATIS \u00a0CON UN FUMIGADOR PROFESIONAL \u00a0AL (786) 309-3219  &nbsp;\" \/>\n<meta property=\"og:url\" content=\"https:\/\/www.losfumigadores.com\/en\/venta-de-productos\/kits-de-fumigacion-diy\/kit-para-eliminar-y-matar-ratas-hagalo-usted-mismo\/\" \/>\n<meta property=\"og:site_name\" content=\"Los Fumigadores Pest Control\" \/>\n<meta property=\"article:modified_time\" content=\"2022-08-15T19:29:26+00:00\" \/>\n<meta property=\"og:image\" content=\"https:\/\/www.losfumigadores.com\/wp-content\/uploads\/2022\/08\/kit-para-matar-ratas.jpg\" \/>\n\t<meta property=\"og:image:width\" content=\"349\" \/>\n\t<meta property=\"og:image:height\" content=\"349\" \/>\n\t<meta property=\"og:image:type\" content=\"image\/jpeg\" \/>\n<meta name=\"twitter:card\" content=\"summary_large_image\" \/>\n<script type=\"application\/ld+json\" class=\"yoast-schema-graph\">{\"@context\":\"https:\/\/schema.org\",\"@graph\":[{\"@type\":\"WebPage\",\"@id\":\"https:\/\/www.losfumigadores.com\/venta-de-productos\/kits-de-fumigacion-diy\/kit-para-eliminar-y-matar-ratas-hagalo-usted-mismo\/\",\"url\":\"https:\/\/www.losfumigadores.com\/venta-de-productos\/kits-de-fumigacion-diy\/kit-para-eliminar-y-matar-ratas-hagalo-usted-mismo\/\",\"name\":\"Kit para Eliminar y Matar Ratas | Hagalo Usted Mismo - Los Fumigadores Pest Control\",\"isPartOf\":{\"@id\":\"https:\/\/www.losfumigadores.com\/#website\"},\"primaryImageOfPage\":{\"@id\":\"https:\/\/www.losfumigadores.com\/venta-de-productos\/kits-de-fumigacion-diy\/kit-para-eliminar-y-matar-ratas-hagalo-usted-mismo\/#primaryimage\"},\"image\":{\"@id\":\"https:\/\/www.losfumigadores.com\/venta-de-productos\/kits-de-fumigacion-diy\/kit-para-eliminar-y-matar-ratas-hagalo-usted-mismo\/#primaryimage\"},\"thumbnailUrl\":\"https:\/\/www.losfumigadores.com\/wp-content\/uploads\/2022\/08\/kit-para-matar-ratas.jpg\",\"datePublished\":\"2022-08-15T19:29:20+00:00\",\"dateModified\":\"2022-08-15T19:29:26+00:00\",\"breadcrumb\":{\"@id\":\"https:\/\/www.losfumigadores.com\/venta-de-productos\/kits-de-fumigacion-diy\/kit-para-eliminar-y-matar-ratas-hagalo-usted-mismo\/#breadcrumb\"},\"inLanguage\":\"en-US\",\"potentialAction\":[{\"@type\":\"ReadAction\",\"target\":[\"https:\/\/www.losfumigadores.com\/venta-de-productos\/kits-de-fumigacion-diy\/kit-para-eliminar-y-matar-ratas-hagalo-usted-mismo\/\"]}]},{\"@type\":\"ImageObject\",\"inLanguage\":\"en-US\",\"@id\":\"https:\/\/www.losfumigadores.com\/venta-de-productos\/kits-de-fumigacion-diy\/kit-para-eliminar-y-matar-ratas-hagalo-usted-mismo\/#primaryimage\",\"url\":\"https:\/\/www.losfumigadores.com\/wp-content\/uploads\/2022\/08\/kit-para-matar-ratas.jpg\",\"contentUrl\":\"https:\/\/www.losfumigadores.com\/wp-content\/uploads\/2022\/08\/kit-para-matar-ratas.jpg\",\"width\":349,\"height\":349},{\"@type\":\"BreadcrumbList\",\"@id\":\"https:\/\/www.losfumigadores.com\/venta-de-productos\/kits-de-fumigacion-diy\/kit-para-eliminar-y-matar-ratas-hagalo-usted-mismo\/#breadcrumb\",\"itemListElement\":[{\"@type\":\"ListItem\",\"position\":1,\"name\":\"Portada\",\"item\":\"https:\/\/www.losfumigadores.com\/\"},{\"@type\":\"ListItem\",\"position\":2,\"name\":\"Tienda\",\"item\":\"https:\/\/www.losfumigadores.com\/tienda\/\"},{\"@type\":\"ListItem\",\"position\":3,\"name\":\"Kit para Eliminar y Matar Ratas | Hagalo Usted Mismo\"}]},{\"@type\":\"WebSite\",\"@id\":\"https:\/\/www.losfumigadores.com\/#website\",\"url\":\"https:\/\/www.losfumigadores.com\/\",\"name\":\"Los Fumigadores Pest Control\",\"description\":\"\",\"potentialAction\":[{\"@type\":\"SearchAction\",\"target\":{\"@type\":\"EntryPoint\",\"urlTemplate\":\"https:\/\/www.losfumigadores.com\/?s={search_term_string}\"},\"query-input\":{\"@type\":\"PropertyValueSpecification\",\"valueRequired\":true,\"valueName\":\"search_term_string\"}}],\"inLanguage\":\"en-US\"}]}<\/script>\n<!-- \/ Yoast SEO plugin. -->","yoast_head_json":{"title":"Kit para Eliminar y Matar Ratas | Hagalo Usted Mismo - Los Fumigadores Pest Control","robots":{"index":"index","follow":"follow","max-snippet":"max-snippet:-1","max-image-preview":"max-image-preview:large","max-video-preview":"max-video-preview:-1"},"canonical":"https:\/\/www.losfumigadores.com\/en\/venta-de-productos\/kits-de-fumigacion-diy\/kit-para-eliminar-y-matar-ratas-hagalo-usted-mismo\/","og_locale":"en_US","og_type":"article","og_title":"Kit para Eliminar y Matar Ratas | Hagalo Usted Mismo - Los Fumigadores Pest Control","og_description":"En los Fumigadores Pest Control, desarrollamos un kit especial para matar ratas, el cual contiene los productos y cantidades necesarias para que usted acabe y elimine las ratas de una vez por todas.  Dise\u00f1amos estos Kit para fumigaci\u00f3n pensando en su econom\u00eda ya que le enviamos las dosis que usted en realidad necesita para exterminar \u00a0las ratas por completo, ya que las cantidades de qu\u00edmicos y veneno que hay en el mercado son mayores \u00a0de lo que una casa y hogar necesita.  Este Kit incluye la combinaci\u00f3n perfecta de productos \u00a0para eliminar ratas efectivamente: Trampas, adhesivos con pegamento y qu\u00edmicos  Adicionalmente vienen con instrucciones de como utilizar los productos para mayor efectividady economia.  LL\u00c1MENOS PARA UNA ASESOR\u00cdA GRATIS \u00a0CON UN FUMIGADOR PROFESIONAL \u00a0AL (786) 309-3219  &nbsp;","og_url":"https:\/\/www.losfumigadores.com\/en\/venta-de-productos\/kits-de-fumigacion-diy\/kit-para-eliminar-y-matar-ratas-hagalo-usted-mismo\/","og_site_name":"Los Fumigadores Pest Control","article_modified_time":"2022-08-15T19:29:26+00:00","og_image":[{"width":349,"height":349,"url":"https:\/\/www.losfumigadores.com\/wp-content\/uploads\/2022\/08\/kit-para-matar-ratas.jpg","type":"image\/jpeg"}],"twitter_card":"summary_large_image","schema":{"@context":"https:\/\/schema.org","@graph":[{"@type":"WebPage","@id":"https:\/\/www.losfumigadores.com\/venta-de-productos\/kits-de-fumigacion-diy\/kit-para-eliminar-y-matar-ratas-hagalo-usted-mismo\/","url":"https:\/\/www.losfumigadores.com\/venta-de-productos\/kits-de-fumigacion-diy\/kit-para-eliminar-y-matar-ratas-hagalo-usted-mismo\/","name":"Kit para Eliminar y Matar Ratas | Hagalo Usted Mismo - Los Fumigadores Pest Control","isPartOf":{"@id":"https:\/\/www.losfumigadores.com\/#website"},"primaryImageOfPage":{"@id":"https:\/\/www.losfumigadores.com\/venta-de-productos\/kits-de-fumigacion-diy\/kit-para-eliminar-y-matar-ratas-hagalo-usted-mismo\/#primaryimage"},"image":{"@id":"https:\/\/www.losfumigadores.com\/venta-de-productos\/kits-de-fumigacion-diy\/kit-para-eliminar-y-matar-ratas-hagalo-usted-mismo\/#primaryimage"},"thumbnailUrl":"https:\/\/www.losfumigadores.com\/wp-content\/uploads\/2022\/08\/kit-para-matar-ratas.jpg","datePublished":"2022-08-15T19:29:20+00:00","dateModified":"2022-08-15T19:29:26+00:00","breadcrumb":{"@id":"https:\/\/www.losfumigadores.com\/venta-de-productos\/kits-de-fumigacion-diy\/kit-para-eliminar-y-matar-ratas-hagalo-usted-mismo\/#breadcrumb"},"inLanguage":"en-US","potentialAction":[{"@type":"ReadAction","target":["https:\/\/www.losfumigadores.com\/venta-de-productos\/kits-de-fumigacion-diy\/kit-para-eliminar-y-matar-ratas-hagalo-usted-mismo\/"]}]},{"@type":"ImageObject","inLanguage":"en-US","@id":"https:\/\/www.losfumigadores.com\/venta-de-productos\/kits-de-fumigacion-diy\/kit-para-eliminar-y-matar-ratas-hagalo-usted-mismo\/#primaryimage","url":"https:\/\/www.losfumigadores.com\/wp-content\/uploads\/2022\/08\/kit-para-matar-ratas.jpg","contentUrl":"https:\/\/www.losfumigadores.com\/wp-content\/uploads\/2022\/08\/kit-para-matar-ratas.jpg","width":349,"height":349},{"@type":"BreadcrumbList","@id":"https:\/\/www.losfumigadores.com\/venta-de-productos\/kits-de-fumigacion-diy\/kit-para-eliminar-y-matar-ratas-hagalo-usted-mismo\/#breadcrumb","itemListElement":[{"@type":"ListItem","position":1,"name":"Portada","item":"https:\/\/www.losfumigadores.com\/"},{"@type":"ListItem","position":2,"name":"Tienda","item":"https:\/\/www.losfumigadores.com\/tienda\/"},{"@type":"ListItem","position":3,"name":"Kit para Eliminar y Matar Ratas | Hagalo Usted Mismo"}]},{"@type":"WebSite","@id":"https:\/\/www.losfumigadores.com\/#website","url":"https:\/\/www.losfumigadores.com\/","name":"Los Fumigadores Pest Control","description":"","potentialAction":[{"@type":"SearchAction","target":{"@type":"EntryPoint","urlTemplate":"https:\/\/www.losfumigadores.com\/?s={search_term_string}"},"query-input":{"@type":"PropertyValueSpecification","valueRequired":true,"valueName":"search_term_string"}}],"inLanguage":"en-US"}]}},"_links":{"self":[{"href":"https:\/\/www.losfumigadores.com\/en\/wp-json\/wp\/v2\/product\/2942","targetHints":{"allow":["GET"]}}],"collection":[{"href":"https:\/\/www.losfumigadores.com\/en\/wp-json\/wp\/v2\/product"}],"about":[{"href":"https:\/\/www.losfumigadores.com\/en\/wp-json\/wp\/v2\/types\/product"}],"replies":[{"embeddable":true,"href":"https:\/\/www.losfumigadores.com\/en\/wp-json\/wp\/v2\/comments?post=2942"}],"wp:featuredmedia":[{"embeddable":true,"href":"https:\/\/www.losfumigadores.com\/en\/wp-json\/wp\/v2\/media\/2959"}],"wp:attachment":[{"href":"https:\/\/www.losfumigadores.com\/en\/wp-json\/wp\/v2\/media?parent=2942"}],"wp:term":[{"taxonomy":"product_brand","embeddable":true,"href":"https:\/\/www.losfumigadores.com\/en\/wp-json\/wp\/v2\/product_brand?post=2942"},{"taxonomy":"product_cat","embeddable":true,"href":"https:\/\/www.losfumigadores.com\/en\/wp-json\/wp\/v2\/product_cat?post=2942"},{"taxonomy":"product_tag","embeddable":true,"href":"https:\/\/www.losfumigadores.com\/en\/wp-json\/wp\/v2\/product_tag?post=2942"}],"curies":[{"name":"wp","href":"https:\/\/api.w.org\/{rel}","templated":true}]}}