{"id":2941,"date":"2022-08-15T14:29:20","date_gmt":"2022-08-15T19:29:20","guid":{"rendered":"https:\/\/fumigadores.dreamhosters.com\/?post_type=product&#038;p=2941"},"modified":"2022-08-15T14:29:26","modified_gmt":"2022-08-15T19:29:26","slug":"kit-para-eliminar-termitas-hagalo-usted-mismo","status":"publish","type":"product","link":"https:\/\/www.losfumigadores.com\/en\/venta-de-productos\/kits-de-fumigacion-diy\/kit-para-eliminar-termitas-hagalo-usted-mismo\/","title":{"rendered":"Kit para Eliminar Termitas | Hagalo Usted Mismo"},"content":{"rendered":"<p>Las Termitas ponen en peligro nuestra casa y hogar por lo cual hay que tomar medidas preventivas o mas dr\u00e1sticas en el caso una infestaci\u00f3n avanzada. En Los Fumigadores Pest Control desarrollamos este Kit especial para eliminar la termitas de todo tipo ya sean termitas de madera o subterr\u00e1neas.<\/p>\n<p>Ll\u00e1menos para una asesor\u00eda gratis con un fumigador profesional  al (786) 309-3219 para conocer mejor su problema y ofrecerle una soluci\u00f3n efectiva y ver si este Kit es el indicado para usted.<\/p>","protected":false},"excerpt":{"rendered":"<p>Los productos que vienen en el Kit nos sirven como medida preventiva, tratamiento o refuerzo despu\u00e9s de una exterminaci\u00f3n de termitas profesional, todo dependiendo del estado en el que se encuentre su casa. <\/p>\n<p>Ll\u00e1menos para una asesor\u00eda gratis con un fumigador profesional  al (786) 309-3219 para conocer mejor su problema y ofrecerle una soluci\u00f3n efectiva y ver si este Kit es el indicado para usted.<\/p>\n<p>Todos los productos que vienen en este Kit, son usados a diario para los tratamientos profesionales de termitas que nosotros realizamos, basado en nuestra experiencia armamos este kit combinando los productos mas eficaces y las cantidades necesarias para su econom\u00eda.<\/p>","protected":false},"featured_media":2960,"comment_status":"open","ping_status":"closed","template":"","meta":{"_acf_changed":false},"product_brand":[],"product_cat":[50,53],"product_tag":[],"class_list":{"0":"post-2941","1":"product","2":"type-product","3":"status-publish","4":"has-post-thumbnail","6":"product_cat-kits-de-fumigacion-diy","7":"product_cat-productos-para-fumigar-exterminar-termitas-y-comejen","9":"first","10":"instock","11":"shipping-taxable","12":"product-type-simple"},"acf":[],"yoast_head":"<!-- This site is optimized with the Yoast SEO plugin v25.9 - https:\/\/yoast.com\/wordpress\/plugins\/seo\/ -->\n<title>Kit para Eliminar Termitas | Hagalo Usted Mismo - Los Fumigadores Pest Control<\/title>\n<meta name=\"robots\" content=\"index, follow, max-snippet:-1, max-image-preview:large, max-video-preview:-1\" \/>\n<link rel=\"canonical\" href=\"https:\/\/www.losfumigadores.com\/en\/venta-de-productos\/kits-de-fumigacion-diy\/kit-para-eliminar-termitas-hagalo-usted-mismo\/\" \/>\n<meta property=\"og:locale\" content=\"en_US\" \/>\n<meta property=\"og:type\" content=\"article\" \/>\n<meta property=\"og:title\" content=\"Kit para Eliminar Termitas | Hagalo Usted Mismo - Los Fumigadores Pest Control\" \/>\n<meta property=\"og:description\" content=\"Los productos que vienen en el Kit nos sirven como medida preventiva, tratamiento o refuerzo despu\u00e9s de una exterminaci\u00f3n de termitas profesional, todo dependiendo del estado en el que se encuentre su casa.   Ll\u00e1menos para una asesor\u00eda gratis con un fumigador profesional al (786) 309-3219 para conocer mejor su problema y ofrecerle una soluci\u00f3n efectiva y ver si este Kit es el indicado para usted.  Todos los productos que vienen en este Kit, son usados a diario para los tratamientos profesionales de termitas que nosotros realizamos, basado en nuestra experiencia armamos este kit combinando los productos mas eficaces y las cantidades necesarias para su econom\u00eda.\" \/>\n<meta property=\"og:url\" content=\"https:\/\/www.losfumigadores.com\/en\/venta-de-productos\/kits-de-fumigacion-diy\/kit-para-eliminar-termitas-hagalo-usted-mismo\/\" \/>\n<meta property=\"og:site_name\" content=\"Los Fumigadores Pest Control\" \/>\n<meta property=\"article:modified_time\" content=\"2022-08-15T19:29:26+00:00\" \/>\n<meta property=\"og:image\" content=\"https:\/\/www.losfumigadores.com\/wp-content\/uploads\/2022\/08\/kit-para-eliminar-termitas.jpg\" \/>\n\t<meta property=\"og:image:width\" content=\"349\" \/>\n\t<meta property=\"og:image:height\" content=\"349\" \/>\n\t<meta property=\"og:image:type\" content=\"image\/jpeg\" \/>\n<meta name=\"twitter:card\" content=\"summary_large_image\" \/>\n<script type=\"application\/ld+json\" class=\"yoast-schema-graph\">{\"@context\":\"https:\/\/schema.org\",\"@graph\":[{\"@type\":\"WebPage\",\"@id\":\"https:\/\/www.losfumigadores.com\/venta-de-productos\/kits-de-fumigacion-diy\/kit-para-eliminar-termitas-hagalo-usted-mismo\/\",\"url\":\"https:\/\/www.losfumigadores.com\/venta-de-productos\/kits-de-fumigacion-diy\/kit-para-eliminar-termitas-hagalo-usted-mismo\/\",\"name\":\"Kit para Eliminar Termitas | Hagalo Usted Mismo - Los Fumigadores Pest Control\",\"isPartOf\":{\"@id\":\"https:\/\/www.losfumigadores.com\/#website\"},\"primaryImageOfPage\":{\"@id\":\"https:\/\/www.losfumigadores.com\/venta-de-productos\/kits-de-fumigacion-diy\/kit-para-eliminar-termitas-hagalo-usted-mismo\/#primaryimage\"},\"image\":{\"@id\":\"https:\/\/www.losfumigadores.com\/venta-de-productos\/kits-de-fumigacion-diy\/kit-para-eliminar-termitas-hagalo-usted-mismo\/#primaryimage\"},\"thumbnailUrl\":\"https:\/\/www.losfumigadores.com\/wp-content\/uploads\/2022\/08\/kit-para-eliminar-termitas.jpg\",\"datePublished\":\"2022-08-15T19:29:20+00:00\",\"dateModified\":\"2022-08-15T19:29:26+00:00\",\"breadcrumb\":{\"@id\":\"https:\/\/www.losfumigadores.com\/venta-de-productos\/kits-de-fumigacion-diy\/kit-para-eliminar-termitas-hagalo-usted-mismo\/#breadcrumb\"},\"inLanguage\":\"en-US\",\"potentialAction\":[{\"@type\":\"ReadAction\",\"target\":[\"https:\/\/www.losfumigadores.com\/venta-de-productos\/kits-de-fumigacion-diy\/kit-para-eliminar-termitas-hagalo-usted-mismo\/\"]}]},{\"@type\":\"ImageObject\",\"inLanguage\":\"en-US\",\"@id\":\"https:\/\/www.losfumigadores.com\/venta-de-productos\/kits-de-fumigacion-diy\/kit-para-eliminar-termitas-hagalo-usted-mismo\/#primaryimage\",\"url\":\"https:\/\/www.losfumigadores.com\/wp-content\/uploads\/2022\/08\/kit-para-eliminar-termitas.jpg\",\"contentUrl\":\"https:\/\/www.losfumigadores.com\/wp-content\/uploads\/2022\/08\/kit-para-eliminar-termitas.jpg\",\"width\":349,\"height\":349},{\"@type\":\"BreadcrumbList\",\"@id\":\"https:\/\/www.losfumigadores.com\/venta-de-productos\/kits-de-fumigacion-diy\/kit-para-eliminar-termitas-hagalo-usted-mismo\/#breadcrumb\",\"itemListElement\":[{\"@type\":\"ListItem\",\"position\":1,\"name\":\"Portada\",\"item\":\"https:\/\/www.losfumigadores.com\/\"},{\"@type\":\"ListItem\",\"position\":2,\"name\":\"Tienda\",\"item\":\"https:\/\/www.losfumigadores.com\/tienda\/\"},{\"@type\":\"ListItem\",\"position\":3,\"name\":\"Kit para Eliminar Termitas | Hagalo Usted Mismo\"}]},{\"@type\":\"WebSite\",\"@id\":\"https:\/\/www.losfumigadores.com\/#website\",\"url\":\"https:\/\/www.losfumigadores.com\/\",\"name\":\"Los Fumigadores Pest Control\",\"description\":\"\",\"potentialAction\":[{\"@type\":\"SearchAction\",\"target\":{\"@type\":\"EntryPoint\",\"urlTemplate\":\"https:\/\/www.losfumigadores.com\/?s={search_term_string}\"},\"query-input\":{\"@type\":\"PropertyValueSpecification\",\"valueRequired\":true,\"valueName\":\"search_term_string\"}}],\"inLanguage\":\"en-US\"}]}<\/script>\n<!-- \/ Yoast SEO plugin. -->","yoast_head_json":{"title":"Kit para Eliminar Termitas | Hagalo Usted Mismo - Los Fumigadores Pest Control","robots":{"index":"index","follow":"follow","max-snippet":"max-snippet:-1","max-image-preview":"max-image-preview:large","max-video-preview":"max-video-preview:-1"},"canonical":"https:\/\/www.losfumigadores.com\/en\/venta-de-productos\/kits-de-fumigacion-diy\/kit-para-eliminar-termitas-hagalo-usted-mismo\/","og_locale":"en_US","og_type":"article","og_title":"Kit para Eliminar Termitas | Hagalo Usted Mismo - Los Fumigadores Pest Control","og_description":"Los productos que vienen en el Kit nos sirven como medida preventiva, tratamiento o refuerzo despu\u00e9s de una exterminaci\u00f3n de termitas profesional, todo dependiendo del estado en el que se encuentre su casa.   Ll\u00e1menos para una asesor\u00eda gratis con un fumigador profesional al (786) 309-3219 para conocer mejor su problema y ofrecerle una soluci\u00f3n efectiva y ver si este Kit es el indicado para usted.  Todos los productos que vienen en este Kit, son usados a diario para los tratamientos profesionales de termitas que nosotros realizamos, basado en nuestra experiencia armamos este kit combinando los productos mas eficaces y las cantidades necesarias para su econom\u00eda.","og_url":"https:\/\/www.losfumigadores.com\/en\/venta-de-productos\/kits-de-fumigacion-diy\/kit-para-eliminar-termitas-hagalo-usted-mismo\/","og_site_name":"Los Fumigadores Pest Control","article_modified_time":"2022-08-15T19:29:26+00:00","og_image":[{"width":349,"height":349,"url":"https:\/\/www.losfumigadores.com\/wp-content\/uploads\/2022\/08\/kit-para-eliminar-termitas.jpg","type":"image\/jpeg"}],"twitter_card":"summary_large_image","schema":{"@context":"https:\/\/schema.org","@graph":[{"@type":"WebPage","@id":"https:\/\/www.losfumigadores.com\/venta-de-productos\/kits-de-fumigacion-diy\/kit-para-eliminar-termitas-hagalo-usted-mismo\/","url":"https:\/\/www.losfumigadores.com\/venta-de-productos\/kits-de-fumigacion-diy\/kit-para-eliminar-termitas-hagalo-usted-mismo\/","name":"Kit para Eliminar Termitas | Hagalo Usted Mismo - Los Fumigadores Pest Control","isPartOf":{"@id":"https:\/\/www.losfumigadores.com\/#website"},"primaryImageOfPage":{"@id":"https:\/\/www.losfumigadores.com\/venta-de-productos\/kits-de-fumigacion-diy\/kit-para-eliminar-termitas-hagalo-usted-mismo\/#primaryimage"},"image":{"@id":"https:\/\/www.losfumigadores.com\/venta-de-productos\/kits-de-fumigacion-diy\/kit-para-eliminar-termitas-hagalo-usted-mismo\/#primaryimage"},"thumbnailUrl":"https:\/\/www.losfumigadores.com\/wp-content\/uploads\/2022\/08\/kit-para-eliminar-termitas.jpg","datePublished":"2022-08-15T19:29:20+00:00","dateModified":"2022-08-15T19:29:26+00:00","breadcrumb":{"@id":"https:\/\/www.losfumigadores.com\/venta-de-productos\/kits-de-fumigacion-diy\/kit-para-eliminar-termitas-hagalo-usted-mismo\/#breadcrumb"},"inLanguage":"en-US","potentialAction":[{"@type":"ReadAction","target":["https:\/\/www.losfumigadores.com\/venta-de-productos\/kits-de-fumigacion-diy\/kit-para-eliminar-termitas-hagalo-usted-mismo\/"]}]},{"@type":"ImageObject","inLanguage":"en-US","@id":"https:\/\/www.losfumigadores.com\/venta-de-productos\/kits-de-fumigacion-diy\/kit-para-eliminar-termitas-hagalo-usted-mismo\/#primaryimage","url":"https:\/\/www.losfumigadores.com\/wp-content\/uploads\/2022\/08\/kit-para-eliminar-termitas.jpg","contentUrl":"https:\/\/www.losfumigadores.com\/wp-content\/uploads\/2022\/08\/kit-para-eliminar-termitas.jpg","width":349,"height":349},{"@type":"BreadcrumbList","@id":"https:\/\/www.losfumigadores.com\/venta-de-productos\/kits-de-fumigacion-diy\/kit-para-eliminar-termitas-hagalo-usted-mismo\/#breadcrumb","itemListElement":[{"@type":"ListItem","position":1,"name":"Portada","item":"https:\/\/www.losfumigadores.com\/"},{"@type":"ListItem","position":2,"name":"Tienda","item":"https:\/\/www.losfumigadores.com\/tienda\/"},{"@type":"ListItem","position":3,"name":"Kit para Eliminar Termitas | Hagalo Usted Mismo"}]},{"@type":"WebSite","@id":"https:\/\/www.losfumigadores.com\/#website","url":"https:\/\/www.losfumigadores.com\/","name":"Los Fumigadores Pest Control","description":"","potentialAction":[{"@type":"SearchAction","target":{"@type":"EntryPoint","urlTemplate":"https:\/\/www.losfumigadores.com\/?s={search_term_string}"},"query-input":{"@type":"PropertyValueSpecification","valueRequired":true,"valueName":"search_term_string"}}],"inLanguage":"en-US"}]}},"_links":{"self":[{"href":"https:\/\/www.losfumigadores.com\/en\/wp-json\/wp\/v2\/product\/2941","targetHints":{"allow":["GET"]}}],"collection":[{"href":"https:\/\/www.losfumigadores.com\/en\/wp-json\/wp\/v2\/product"}],"about":[{"href":"https:\/\/www.losfumigadores.com\/en\/wp-json\/wp\/v2\/types\/product"}],"replies":[{"embeddable":true,"href":"https:\/\/www.losfumigadores.com\/en\/wp-json\/wp\/v2\/comments?post=2941"}],"wp:featuredmedia":[{"embeddable":true,"href":"https:\/\/www.losfumigadores.com\/en\/wp-json\/wp\/v2\/media\/2960"}],"wp:attachment":[{"href":"https:\/\/www.losfumigadores.com\/en\/wp-json\/wp\/v2\/media?parent=2941"}],"wp:term":[{"taxonomy":"product_brand","embeddable":true,"href":"https:\/\/www.losfumigadores.com\/en\/wp-json\/wp\/v2\/product_brand?post=2941"},{"taxonomy":"product_cat","embeddable":true,"href":"https:\/\/www.losfumigadores.com\/en\/wp-json\/wp\/v2\/product_cat?post=2941"},{"taxonomy":"product_tag","embeddable":true,"href":"https:\/\/www.losfumigadores.com\/en\/wp-json\/wp\/v2\/product_tag?post=2941"}],"curies":[{"name":"wp","href":"https:\/\/api.w.org\/{rel}","templated":true}]}}