{"id":2664,"date":"2022-08-12T08:48:52","date_gmt":"2022-08-12T13:48:52","guid":{"rendered":"https:\/\/fumigadores.dreamhosters.com\/?page_id=2664"},"modified":"2022-08-16T09:34:57","modified_gmt":"2022-08-16T14:34:57","slug":"fumigacion-exterminacion-y-control-de-abejas","status":"publish","type":"page","link":"https:\/\/www.losfumigadores.com\/en\/bee-removal\/","title":{"rendered":"BEE FUMIGATION, EXTERMINATION, AND CONTROL"},"content":{"rendered":"<div data-elementor-type=\"wp-page\" data-elementor-id=\"2664\" class=\"elementor elementor-2664\" data-elementor-post-type=\"page\">\n\t\t\t\t\t\t<section class=\"elementor-section elementor-top-section elementor-element elementor-element-5528039f elementor-section-stretched elementor-section-boxed elementor-section-height-default elementor-section-height-default\" data-id=\"5528039f\" data-element_type=\"section\" data-settings=\"{&quot;stretch_section&quot;:&quot;section-stretched&quot;,&quot;jet_parallax_layout_list&quot;:[{&quot;jet_parallax_layout_image&quot;:{&quot;url&quot;:&quot;&quot;,&quot;id&quot;:&quot;&quot;,&quot;size&quot;:&quot;&quot;},&quot;_id&quot;:&quot;aa080ee&quot;,&quot;jet_parallax_layout_speed&quot;:{&quot;unit&quot;:&quot;%&quot;,&quot;size&quot;:&quot;50&quot;,&quot;sizes&quot;:[]},&quot;jet_parallax_layout_bg_x&quot;:&quot;50&quot;,&quot;jet_parallax_layout_bg_y&quot;:&quot;50&quot;,&quot;jet_parallax_layout_image_tablet&quot;:{&quot;url&quot;:&quot;&quot;,&quot;id&quot;:&quot;&quot;,&quot;size&quot;:&quot;&quot;},&quot;jet_parallax_layout_image_mobile&quot;:{&quot;url&quot;:&quot;&quot;,&quot;id&quot;:&quot;&quot;,&quot;size&quot;:&quot;&quot;},&quot;jet_parallax_layout_type&quot;:&quot;scroll&quot;,&quot;jet_parallax_layout_direction&quot;:&quot;1&quot;,&quot;jet_parallax_layout_fx_direction&quot;:null,&quot;jet_parallax_layout_z_index&quot;:&quot;&quot;,&quot;jet_parallax_layout_bg_x_tablet&quot;:&quot;&quot;,&quot;jet_parallax_layout_bg_x_mobile&quot;:&quot;&quot;,&quot;jet_parallax_layout_bg_y_tablet&quot;:&quot;&quot;,&quot;jet_parallax_layout_bg_y_mobile&quot;:&quot;&quot;,&quot;jet_parallax_layout_bg_size&quot;:&quot;auto&quot;,&quot;jet_parallax_layout_bg_size_tablet&quot;:&quot;&quot;,&quot;jet_parallax_layout_bg_size_mobile&quot;:&quot;&quot;,&quot;jet_parallax_layout_animation_prop&quot;:&quot;transform&quot;,&quot;jet_parallax_layout_on&quot;:[&quot;desktop&quot;,&quot;tablet&quot;]}],&quot;background_background&quot;:&quot;classic&quot;}\">\n\t\t\t\t\t\t\t<div class=\"elementor-background-overlay\"><\/div>\n\t\t\t\t\t\t\t<div class=\"elementor-container elementor-column-gap-default\">\n\t\t\t\t\t<div class=\"elementor-column elementor-col-100 elementor-top-column elementor-element elementor-element-bc58a80\" data-id=\"bc58a80\" data-element_type=\"column\">\n\t\t\t<div class=\"elementor-widget-wrap elementor-element-populated\">\n\t\t\t\t\t\t<div class=\"elementor-element elementor-element-202561c4 elementor-align-center elementor-mobile-align-center elementor-widget elementor-widget-raven-heading\" data-id=\"202561c4\" data-element_type=\"widget\" data-widget_type=\"raven-heading.default\">\n\t\t\t\t<div class=\"elementor-widget-container\">\n\t\t\t\t\t\t\t<div class=\"raven-widget-wrapper\"><h1 class=\"raven-heading raven-heading-h1\"><span class=\"raven-heading-title\">Bee Extermination<\/span><\/h1><\/div>\n\t\t\t\t\t\t<\/div>\n\t\t\t\t<\/div>\n\t\t\t\t\t<\/div>\n\t\t<\/div>\n\t\t\t\t\t<\/div>\n\t\t<\/section>\n\t\t\t\t<section class=\"elementor-section elementor-top-section elementor-element elementor-element-cc01556 elementor-section-content-middle elementor-reverse-mobile elementor-section-boxed elementor-section-height-default elementor-section-height-default\" data-id=\"cc01556\" data-element_type=\"section\" data-settings=\"{&quot;jet_parallax_layout_list&quot;:[{&quot;jet_parallax_layout_image&quot;:{&quot;url&quot;:&quot;&quot;,&quot;id&quot;:&quot;&quot;,&quot;size&quot;:&quot;&quot;},&quot;_id&quot;:&quot;98e4ca4&quot;,&quot;jet_parallax_layout_speed&quot;:{&quot;unit&quot;:&quot;%&quot;,&quot;size&quot;:&quot;50&quot;,&quot;sizes&quot;:[]},&quot;jet_parallax_layout_bg_x&quot;:&quot;50&quot;,&quot;jet_parallax_layout_bg_y&quot;:&quot;50&quot;,&quot;jet_parallax_layout_image_tablet&quot;:{&quot;url&quot;:&quot;&quot;,&quot;id&quot;:&quot;&quot;,&quot;size&quot;:&quot;&quot;},&quot;jet_parallax_layout_image_mobile&quot;:{&quot;url&quot;:&quot;&quot;,&quot;id&quot;:&quot;&quot;,&quot;size&quot;:&quot;&quot;},&quot;jet_parallax_layout_type&quot;:&quot;scroll&quot;,&quot;jet_parallax_layout_direction&quot;:&quot;1&quot;,&quot;jet_parallax_layout_fx_direction&quot;:null,&quot;jet_parallax_layout_z_index&quot;:&quot;&quot;,&quot;jet_parallax_layout_bg_x_tablet&quot;:&quot;&quot;,&quot;jet_parallax_layout_bg_x_mobile&quot;:&quot;&quot;,&quot;jet_parallax_layout_bg_y_tablet&quot;:&quot;&quot;,&quot;jet_parallax_layout_bg_y_mobile&quot;:&quot;&quot;,&quot;jet_parallax_layout_bg_size&quot;:&quot;auto&quot;,&quot;jet_parallax_layout_bg_size_tablet&quot;:&quot;&quot;,&quot;jet_parallax_layout_bg_size_mobile&quot;:&quot;&quot;,&quot;jet_parallax_layout_animation_prop&quot;:&quot;transform&quot;,&quot;jet_parallax_layout_on&quot;:[&quot;desktop&quot;,&quot;tablet&quot;]}]}\">\n\t\t\t\t\t\t<div class=\"elementor-container elementor-column-gap-default\">\n\t\t\t\t\t<div class=\"elementor-column elementor-col-50 elementor-top-column elementor-element elementor-element-686fd119\" data-id=\"686fd119\" data-element_type=\"column\" data-settings=\"{&quot;background_background&quot;:&quot;classic&quot;}\">\n\t\t\t<div class=\"elementor-widget-wrap\">\n\t\t\t\t\t\t\t<\/div>\n\t\t<\/div>\n\t\t\t\t<div class=\"elementor-column elementor-col-50 elementor-top-column elementor-element elementor-element-521f0b45\" data-id=\"521f0b45\" data-element_type=\"column\">\n\t\t\t<div class=\"elementor-widget-wrap elementor-element-populated\">\n\t\t\t\t\t\t<div class=\"elementor-element elementor-element-1d734846 elementor-mobile-align-left elementor-align-left elementor-widget elementor-widget-raven-heading\" data-id=\"1d734846\" data-element_type=\"widget\" data-widget_type=\"raven-heading.default\">\n\t\t\t\t<div class=\"elementor-widget-container\">\n\t\t\t\t\t\t\t<div class=\"raven-widget-wrapper\"><h2 class=\"raven-heading raven-heading-h2\"><span class=\"raven-heading-title\">BEE FUMIGATION, EXTERMINATION, AND CONTROL<\/span><\/h2><\/div>\n\t\t\t\t\t\t<\/div>\n\t\t\t\t<\/div>\n\t\t\t\t<div class=\"elementor-element elementor-element-1babbcbd elementor-widget elementor-widget-image\" data-id=\"1babbcbd\" data-element_type=\"widget\" data-widget_type=\"image.default\">\n\t\t\t\t<div class=\"elementor-widget-container\">\n\t\t\t\t\t\t\t\t\t\t\t\t\t\t\t<img fetchpriority=\"high\" decoding=\"async\" width=\"580\" height=\"133\" src=\"https:\/\/www.losfumigadores.com\/wp-content\/uploads\/2022\/08\/google.png\" class=\"attachment-full size-full wp-image-2287\" alt=\"\" srcset=\"https:\/\/www.losfumigadores.com\/wp-content\/uploads\/2022\/08\/google.png 580w, https:\/\/www.losfumigadores.com\/wp-content\/uploads\/2022\/08\/google-300x69.png 300w\" sizes=\"(max-width: 580px) 100vw, 580px\" \/>\t\t\t\t\t\t\t\t\t\t\t\t\t\t\t<\/div>\n\t\t\t\t<\/div>\n\t\t\t\t<div class=\"elementor-element elementor-element-27e021c elementor-widget elementor-widget-text-editor\" data-id=\"27e021c\" data-element_type=\"widget\" data-widget_type=\"text-editor.default\">\n\t\t\t\t<div class=\"elementor-widget-container\">\n\t\t\t\t\t\t\t\t\t<div class=\"fancyheading left\"><p>Effective Bee Control Fumigation for Your Home, Office, and\/or Garden. Our pest control service includes the complete elimination of all types of bees, including African bees.<\/p><p>Call us for immediate assistance at (786) 309-3219.<\/p><p>Florida and Georgia are states where bees reproduce rapidly during certain times of the year, usually from April to October. Therefore, it is essential to be very careful during this period and take measures to eliminate bees before the roblema becomes more significant, especially for your health and your family\u2019s health.<\/p><\/div>\t\t\t\t\t\t\t\t<\/div>\n\t\t\t\t<\/div>\n\t\t\t\t<div class=\"elementor-element elementor-element-6c18ef20 elementor-widget elementor-widget-button\" data-id=\"6c18ef20\" data-element_type=\"widget\" data-widget_type=\"button.default\">\n\t\t\t\t<div class=\"elementor-widget-container\">\n\t\t\t\t\t\t\t\t\t<div class=\"elementor-button-wrapper\">\n\t\t\t\t\t<a class=\"elementor-button elementor-button-link elementor-size-sm\" href=\"tel:(786)%20309-3219\">\n\t\t\t\t\t\t<span class=\"elementor-button-content-wrapper\">\n\t\t\t\t\t\t\t\t\t<span class=\"elementor-button-text\">CALL NOW (786) 309-3219<\/span>\n\t\t\t\t\t<\/span>\n\t\t\t\t\t<\/a>\n\t\t\t\t<\/div>\n\t\t\t\t\t\t\t\t<\/div>\n\t\t\t\t<\/div>\n\t\t\t\t\t<\/div>\n\t\t<\/div>\n\t\t\t\t\t<\/div>\n\t\t<\/section>\n\t\t\t\t<section class=\"elementor-section elementor-top-section elementor-element elementor-element-34016cee elementor-section-content-middle elementor-section-boxed elementor-section-height-default elementor-section-height-default\" data-id=\"34016cee\" data-element_type=\"section\" data-settings=\"{&quot;jet_parallax_layout_list&quot;:[{&quot;jet_parallax_layout_image&quot;:{&quot;url&quot;:&quot;&quot;,&quot;id&quot;:&quot;&quot;,&quot;size&quot;:&quot;&quot;},&quot;_id&quot;:&quot;98e4ca4&quot;,&quot;jet_parallax_layout_speed&quot;:{&quot;unit&quot;:&quot;%&quot;,&quot;size&quot;:&quot;50&quot;,&quot;sizes&quot;:[]},&quot;jet_parallax_layout_bg_x&quot;:&quot;50&quot;,&quot;jet_parallax_layout_bg_y&quot;:&quot;50&quot;,&quot;jet_parallax_layout_image_tablet&quot;:{&quot;url&quot;:&quot;&quot;,&quot;id&quot;:&quot;&quot;,&quot;size&quot;:&quot;&quot;},&quot;jet_parallax_layout_image_mobile&quot;:{&quot;url&quot;:&quot;&quot;,&quot;id&quot;:&quot;&quot;,&quot;size&quot;:&quot;&quot;},&quot;jet_parallax_layout_type&quot;:&quot;scroll&quot;,&quot;jet_parallax_layout_direction&quot;:&quot;1&quot;,&quot;jet_parallax_layout_fx_direction&quot;:null,&quot;jet_parallax_layout_z_index&quot;:&quot;&quot;,&quot;jet_parallax_layout_bg_x_tablet&quot;:&quot;&quot;,&quot;jet_parallax_layout_bg_x_mobile&quot;:&quot;&quot;,&quot;jet_parallax_layout_bg_y_tablet&quot;:&quot;&quot;,&quot;jet_parallax_layout_bg_y_mobile&quot;:&quot;&quot;,&quot;jet_parallax_layout_bg_size&quot;:&quot;auto&quot;,&quot;jet_parallax_layout_bg_size_tablet&quot;:&quot;&quot;,&quot;jet_parallax_layout_bg_size_mobile&quot;:&quot;&quot;,&quot;jet_parallax_layout_animation_prop&quot;:&quot;transform&quot;,&quot;jet_parallax_layout_on&quot;:[&quot;desktop&quot;,&quot;tablet&quot;]}]}\">\n\t\t\t\t\t\t<div class=\"elementor-container elementor-column-gap-default\">\n\t\t\t\t\t<div class=\"elementor-column elementor-col-100 elementor-top-column elementor-element elementor-element-23d95d2b\" data-id=\"23d95d2b\" data-element_type=\"column\">\n\t\t\t<div class=\"elementor-widget-wrap elementor-element-populated\">\n\t\t\t\t\t\t<div class=\"elementor-element elementor-element-b5f66e6 elementor-widget elementor-widget-video\" data-id=\"b5f66e6\" data-element_type=\"widget\" data-settings=\"{&quot;youtube_url&quot;:&quot;https:\\\/\\\/www.youtube.com\\\/watch?v=4HRiwJaYr5I&amp;feature=emb_imp_woyt&quot;,&quot;video_type&quot;:&quot;youtube&quot;,&quot;controls&quot;:&quot;yes&quot;}\" data-widget_type=\"video.default\">\n\t\t\t\t<div class=\"elementor-widget-container\">\n\t\t\t\t\t\t\t<div class=\"elementor-wrapper elementor-open-inline\">\n\t\t\t<div class=\"elementor-video\"><\/div>\t\t<\/div>\n\t\t\t\t\t\t<\/div>\n\t\t\t\t<\/div>\n\t\t\t\t\t<\/div>\n\t\t<\/div>\n\t\t\t\t\t<\/div>\n\t\t<\/section>\n\t\t\t\t<section class=\"elementor-section elementor-top-section elementor-element elementor-element-5cd081f1 elementor-section-content-middle elementor-section-full_width elementor-section-height-default elementor-section-height-default\" data-id=\"5cd081f1\" data-element_type=\"section\" data-settings=\"{&quot;jet_parallax_layout_list&quot;:[],&quot;background_background&quot;:&quot;classic&quot;}\">\n\t\t\t\t\t\t<div class=\"elementor-container elementor-column-gap-default\">\n\t\t\t\t\t<div class=\"elementor-column elementor-col-100 elementor-top-column elementor-element elementor-element-15edbad\" data-id=\"15edbad\" data-element_type=\"column\" data-settings=\"{&quot;background_background&quot;:&quot;classic&quot;}\">\n\t\t\t<div class=\"elementor-widget-wrap elementor-element-populated\">\n\t\t\t\t\t\t<div class=\"elementor-element elementor-element-6ddafa78 elementor-widget elementor-widget-heading\" data-id=\"6ddafa78\" data-element_type=\"widget\" data-widget_type=\"heading.default\">\n\t\t\t\t<div class=\"elementor-widget-container\">\n\t\t\t\t\t<h2 class=\"elementor-heading-title elementor-size-default\">CALL NOW FOR A FREE QUOTE<\/h2>\t\t\t\t<\/div>\n\t\t\t\t<\/div>\n\t\t\t\t<div class=\"elementor-element elementor-element-577cd420 elementor-widget elementor-widget-heading\" data-id=\"577cd420\" data-element_type=\"widget\" data-widget_type=\"heading.default\">\n\t\t\t\t<div class=\"elementor-widget-container\">\n\t\t\t\t\t<h2 class=\"elementor-heading-title elementor-size-default\"><a href=\"tel:(786)%20309-3219\">(786) 309-3219<\/a><\/h2>\t\t\t\t<\/div>\n\t\t\t\t<\/div>\n\t\t\t\t\t<\/div>\n\t\t<\/div>\n\t\t\t\t\t<\/div>\n\t\t<\/section>\n\t\t\t\t<\/div>","protected":false},"excerpt":{"rendered":"<p>Fumigaci\u00f3n de Abejas FUMIGACI\u00d3N, EXTERMINACI\u00d3N Y CONTROL DE ABEJAS Fumigaci\u00f3n efectiva para control de abejas en su casa, oficina y\/o jard\u00edn. Nuestro servicio de control de plagas incluye la eliminaci\u00f3n total de todo tipo de abejas incluyendo las africanas. Llamenos para atenci\u00f3n inmediata al (786) 309-3219 La Florida y Georgia son estados en donde las [&hellip;]<\/p>","protected":false},"author":1,"featured_media":0,"parent":0,"menu_order":0,"comment_status":"closed","ping_status":"closed","template":"elementor_header_footer","meta":{"_acf_changed":false,"footnotes":""},"class_list":["post-2664","page","type-page","status-publish","hentry"],"acf":[],"yoast_head":"<!-- This site is optimized with the Yoast SEO plugin v25.9 - https:\/\/yoast.com\/wordpress\/plugins\/seo\/ -->\n<title>FUMIGACI\u00d3N, EXTERMINACI\u00d3N Y CONTROL DE ABEJAS - Los Fumigadores Pest Control<\/title>\n<meta name=\"robots\" content=\"index, follow, max-snippet:-1, max-image-preview:large, max-video-preview:-1\" \/>\n<link rel=\"canonical\" href=\"https:\/\/www.losfumigadores.com\/en\/bee-removal\/\" \/>\n<meta property=\"og:locale\" content=\"en_US\" \/>\n<meta property=\"og:type\" content=\"article\" \/>\n<meta property=\"og:title\" content=\"FUMIGACI\u00d3N, EXTERMINACI\u00d3N Y CONTROL DE ABEJAS - Los Fumigadores Pest Control\" \/>\n<meta property=\"og:description\" content=\"Fumigaci\u00f3n de Abejas FUMIGACI\u00d3N, EXTERMINACI\u00d3N Y CONTROL DE ABEJAS Fumigaci\u00f3n efectiva para control de abejas en su casa, oficina y\/o jard\u00edn. Nuestro servicio de control de plagas incluye la eliminaci\u00f3n total de todo tipo de abejas incluyendo las africanas. Llamenos para atenci\u00f3n inmediata al (786) 309-3219 La Florida y Georgia son estados en donde las [&hellip;]\" \/>\n<meta property=\"og:url\" content=\"https:\/\/www.losfumigadores.com\/en\/bee-removal\/\" \/>\n<meta property=\"og:site_name\" content=\"Los Fumigadores Pest Control\" \/>\n<meta property=\"article:modified_time\" content=\"2022-08-16T14:34:57+00:00\" \/>\n<meta property=\"og:image\" content=\"https:\/\/www.losfumigadores.com\/wp-content\/uploads\/2022\/08\/google.png\" \/>\n<meta name=\"twitter:card\" content=\"summary_large_image\" \/>\n<meta name=\"twitter:label1\" content=\"Est. reading time\" \/>\n\t<meta name=\"twitter:data1\" content=\"1 minute\" \/>\n<script type=\"application\/ld+json\" class=\"yoast-schema-graph\">{\"@context\":\"https:\/\/schema.org\",\"@graph\":[{\"@type\":\"WebPage\",\"@id\":\"https:\/\/www.losfumigadores.com\/fumigacion-exterminacion-y-control-de-abejas\/\",\"url\":\"https:\/\/www.losfumigadores.com\/fumigacion-exterminacion-y-control-de-abejas\/\",\"name\":\"FUMIGACI\u00d3N, EXTERMINACI\u00d3N Y CONTROL DE ABEJAS - Los Fumigadores Pest Control\",\"isPartOf\":{\"@id\":\"https:\/\/www.losfumigadores.com\/#website\"},\"primaryImageOfPage\":{\"@id\":\"https:\/\/www.losfumigadores.com\/fumigacion-exterminacion-y-control-de-abejas\/#primaryimage\"},\"image\":{\"@id\":\"https:\/\/www.losfumigadores.com\/fumigacion-exterminacion-y-control-de-abejas\/#primaryimage\"},\"thumbnailUrl\":\"https:\/\/www.losfumigadores.com\/wp-content\/uploads\/2022\/08\/google.png\",\"datePublished\":\"2022-08-12T13:48:52+00:00\",\"dateModified\":\"2022-08-16T14:34:57+00:00\",\"breadcrumb\":{\"@id\":\"https:\/\/www.losfumigadores.com\/fumigacion-exterminacion-y-control-de-abejas\/#breadcrumb\"},\"inLanguage\":\"en-US\",\"potentialAction\":[{\"@type\":\"ReadAction\",\"target\":[\"https:\/\/www.losfumigadores.com\/fumigacion-exterminacion-y-control-de-abejas\/\"]}]},{\"@type\":\"ImageObject\",\"inLanguage\":\"en-US\",\"@id\":\"https:\/\/www.losfumigadores.com\/fumigacion-exterminacion-y-control-de-abejas\/#primaryimage\",\"url\":\"https:\/\/www.losfumigadores.com\/wp-content\/uploads\/2022\/08\/google.png\",\"contentUrl\":\"https:\/\/www.losfumigadores.com\/wp-content\/uploads\/2022\/08\/google.png\"},{\"@type\":\"BreadcrumbList\",\"@id\":\"https:\/\/www.losfumigadores.com\/fumigacion-exterminacion-y-control-de-abejas\/#breadcrumb\",\"itemListElement\":[{\"@type\":\"ListItem\",\"position\":1,\"name\":\"Portada\",\"item\":\"https:\/\/www.losfumigadores.com\/\"},{\"@type\":\"ListItem\",\"position\":2,\"name\":\"FUMIGACI\u00d3N, EXTERMINACI\u00d3N Y CONTROL DE ABEJAS\"}]},{\"@type\":\"WebSite\",\"@id\":\"https:\/\/www.losfumigadores.com\/#website\",\"url\":\"https:\/\/www.losfumigadores.com\/\",\"name\":\"Los Fumigadores Pest Control\",\"description\":\"\",\"potentialAction\":[{\"@type\":\"SearchAction\",\"target\":{\"@type\":\"EntryPoint\",\"urlTemplate\":\"https:\/\/www.losfumigadores.com\/?s={search_term_string}\"},\"query-input\":{\"@type\":\"PropertyValueSpecification\",\"valueRequired\":true,\"valueName\":\"search_term_string\"}}],\"inLanguage\":\"en-US\"}]}<\/script>\n<!-- \/ Yoast SEO plugin. -->","yoast_head_json":{"title":"Bee Fumigation, Extermination, and Control - Los Fumigadores Pest Control","robots":{"index":"index","follow":"follow","max-snippet":"max-snippet:-1","max-image-preview":"max-image-preview:large","max-video-preview":"max-video-preview:-1"},"canonical":"https:\/\/www.losfumigadores.com\/en\/bee-removal\/","og_locale":"en_US","og_type":"article","og_title":"FUMIGACI\u00d3N, EXTERMINACI\u00d3N Y CONTROL DE ABEJAS - Los Fumigadores Pest Control","og_description":"Fumigaci\u00f3n de Abejas FUMIGACI\u00d3N, EXTERMINACI\u00d3N Y CONTROL DE ABEJAS Fumigaci\u00f3n efectiva para control de abejas en su casa, oficina y\/o jard\u00edn. Nuestro servicio de control de plagas incluye la eliminaci\u00f3n total de todo tipo de abejas incluyendo las africanas. Llamenos para atenci\u00f3n inmediata al (786) 309-3219 La Florida y Georgia son estados en donde las [&hellip;]","og_url":"https:\/\/www.losfumigadores.com\/en\/bee-removal\/","og_site_name":"Los Fumigadores Pest Control","article_modified_time":"2022-08-16T14:34:57+00:00","og_image":[{"url":"https:\/\/www.losfumigadores.com\/wp-content\/uploads\/2022\/08\/google.png","type":"","width":"","height":""}],"twitter_card":"summary_large_image","twitter_misc":{"Est. reading time":"1 minute"},"schema":{"@context":"https:\/\/schema.org","@graph":[{"@type":"WebPage","@id":"https:\/\/www.losfumigadores.com\/fumigacion-exterminacion-y-control-de-abejas\/","url":"https:\/\/www.losfumigadores.com\/fumigacion-exterminacion-y-control-de-abejas\/","name":"Bee Fumigation, Extermination, and Control - Los Fumigadores Pest Control","isPartOf":{"@id":"https:\/\/www.losfumigadores.com\/#website"},"primaryImageOfPage":{"@id":"https:\/\/www.losfumigadores.com\/fumigacion-exterminacion-y-control-de-abejas\/#primaryimage"},"image":{"@id":"https:\/\/www.losfumigadores.com\/fumigacion-exterminacion-y-control-de-abejas\/#primaryimage"},"thumbnailUrl":"https:\/\/www.losfumigadores.com\/wp-content\/uploads\/2022\/08\/google.png","datePublished":"2022-08-12T13:48:52+00:00","dateModified":"2022-08-16T14:34:57+00:00","breadcrumb":{"@id":"https:\/\/www.losfumigadores.com\/fumigacion-exterminacion-y-control-de-abejas\/#breadcrumb"},"inLanguage":"en-US","potentialAction":[{"@type":"ReadAction","target":["https:\/\/www.losfumigadores.com\/fumigacion-exterminacion-y-control-de-abejas\/"]}]},{"@type":"ImageObject","inLanguage":"en-US","@id":"https:\/\/www.losfumigadores.com\/fumigacion-exterminacion-y-control-de-abejas\/#primaryimage","url":"https:\/\/www.losfumigadores.com\/wp-content\/uploads\/2022\/08\/google.png","contentUrl":"https:\/\/www.losfumigadores.com\/wp-content\/uploads\/2022\/08\/google.png"},{"@type":"BreadcrumbList","@id":"https:\/\/www.losfumigadores.com\/fumigacion-exterminacion-y-control-de-abejas\/#breadcrumb","itemListElement":[{"@type":"ListItem","position":1,"name":"Portada","item":"https:\/\/www.losfumigadores.com\/"},{"@type":"ListItem","position":2,"name":"FUMIGACI\u00d3N, EXTERMINACI\u00d3N Y CONTROL DE ABEJAS"}]},{"@type":"WebSite","@id":"https:\/\/www.losfumigadores.com\/#website","url":"https:\/\/www.losfumigadores.com\/","name":"Los Fumigadores Pest Control","description":"","potentialAction":[{"@type":"SearchAction","target":{"@type":"EntryPoint","urlTemplate":"https:\/\/www.losfumigadores.com\/?s={search_term_string}"},"query-input":{"@type":"PropertyValueSpecification","valueRequired":true,"valueName":"search_term_string"}}],"inLanguage":"en-US"}]}},"_links":{"self":[{"href":"https:\/\/www.losfumigadores.com\/en\/wp-json\/wp\/v2\/pages\/2664","targetHints":{"allow":["GET"]}}],"collection":[{"href":"https:\/\/www.losfumigadores.com\/en\/wp-json\/wp\/v2\/pages"}],"about":[{"href":"https:\/\/www.losfumigadores.com\/en\/wp-json\/wp\/v2\/types\/page"}],"author":[{"embeddable":true,"href":"https:\/\/www.losfumigadores.com\/en\/wp-json\/wp\/v2\/users\/1"}],"replies":[{"embeddable":true,"href":"https:\/\/www.losfumigadores.com\/en\/wp-json\/wp\/v2\/comments?post=2664"}],"version-history":[{"count":9,"href":"https:\/\/www.losfumigadores.com\/en\/wp-json\/wp\/v2\/pages\/2664\/revisions"}],"predecessor-version":[{"id":3077,"href":"https:\/\/www.losfumigadores.com\/en\/wp-json\/wp\/v2\/pages\/2664\/revisions\/3077"}],"wp:attachment":[{"href":"https:\/\/www.losfumigadores.com\/en\/wp-json\/wp\/v2\/media?parent=2664"}],"curies":[{"name":"wp","href":"https:\/\/api.w.org\/{rel}","templated":true}]}}